{"id":1226,"date":"2025-02-25T15:31:40","date_gmt":"2025-02-25T15:31:40","guid":{"rendered":"https:\/\/stagingsite.cooka.ch\/stagesite\/politique-de-confidentialite-pour-les-clients\/"},"modified":"2025-07-22T10:57:47","modified_gmt":"2025-07-22T10:57:47","slug":"politique-de-confidentialite-pour-les-clients","status":"publish","type":"page","link":"https:\/\/stagingsite.cooka.ch\/fr\/politique-de-confidentialite-pour-les-clients\/","title":{"rendered":"Politique"},"content":{"rendered":"\t\t<div data-elementor-type=\"wp-page\" data-elementor-id=\"1226\" class=\"elementor elementor-1226 elementor-111\" data-elementor-post-type=\"page\">\n\t\t\t\t<div class=\"elementor-element elementor-element-12f3cfcd e-flex e-con-boxed e-con e-parent\" data-id=\"12f3cfcd\" data-element_type=\"container\" data-e-type=\"container\">\n\t\t\t\t\t<div class=\"e-con-inner\">\n\t\t\t\t<div class=\"elementor-element elementor-element-5da891d9 elementor-widget elementor-widget-text-editor\" data-id=\"5da891d9\" data-element_type=\"widget\" data-e-type=\"widget\" data-widget_type=\"text-editor.default\">\n\t\t\t\t\t\t\t\t\t<p>Cette Politique de Confidentialit\u00e9 (\u00ab Politique \u00bb) explique comment Cooka.ch collecte, utilise, divulgue et traite autrement les donn\u00e9es personnelles. Cette Politique s&rsquo;applique au traitement des donn\u00e9es personnelles des clients qui utilisent notre plateforme \u2013 y compris le site web, l&rsquo;application et les services fournis \u2013 pour passer des commandes aupr\u00e8s de fournisseurs priv\u00e9s proposant des produits ou des services \u00e0 livrer ou \u00e0 r\u00e9cup\u00e9rer via Cooka.ch. Chez Cooka.ch, nous nous engageons \u00e0 prot\u00e9ger la vie priv\u00e9e de tous les individus de notre communaut\u00e9.  <\/p>\t\t\t\t\t\t\t\t<\/div>\n\t\t\t\t<div class=\"elementor-element elementor-element-10856a2 elementor-widget elementor-widget-heading\" data-id=\"10856a2\" data-element_type=\"widget\" data-e-type=\"widget\" data-widget_type=\"heading.default\">\n\t\t\t\t\t<h2 class=\"elementor-heading-title elementor-size-default\">Quelles donn\u00e9es personnelles utilisons-nous et pourquoi<\/h2>\t\t\t\t<\/div>\n\t\t\t\t<div class=\"elementor-element elementor-element-6f529b6 elementor-widget elementor-widget-text-editor\" data-id=\"6f529b6\" data-element_type=\"widget\" data-e-type=\"widget\" data-widget_type=\"text-editor.default\">\n\t\t\t\t\t\t\t\t\t<p>Les donn\u00e9es personnelles, d\u00e9sign\u00e9es dans cette politique par \u00ab\u00a0vos donn\u00e9es\u00a0\u00bb, comprennent toutes les informations ou ensembles d&rsquo;informations qui peuvent vous identifier directement ou indirectement, notamment par r\u00e9f\u00e9rence \u00e0 un identifiant, tel qu&rsquo;un pr\u00e9nom et un nom de famille, une adresse e-mail, un num\u00e9ro de t\u00e9l\u00e9phone, etc.<\/p><p>Chaque fois que vous interagissez avec Cooka.ch \u00e0 travers nos services, nous collectons et traitons vos donn\u00e9es personnelles. Cooka.ch peut traiter vos donn\u00e9es personnelles aux fins suivantes : <\/p>\t\t\t\t\t\t\t\t<\/div>\n\t\t\t\t<div class=\"elementor-element elementor-element-e13ae6e elementor-widget elementor-widget-heading\" data-id=\"e13ae6e\" data-element_type=\"widget\" data-e-type=\"widget\" data-widget_type=\"heading.default\">\n\t\t\t\t\t<h2 class=\"elementor-heading-title elementor-size-default\">1. Processus de commande <\/h2>\t\t\t\t<\/div>\n\t\t\t\t<div class=\"elementor-element elementor-element-8c90dbf elementor-widget elementor-widget-text-editor\" data-id=\"8c90dbf\" data-element_type=\"widget\" data-e-type=\"widget\" data-widget_type=\"text-editor.default\">\n\t\t\t\t\t\t\t\t\t<p>Nous traitons les donn\u00e9es personnelles que vous fournissez lorsque vous passez une commande. Ces donn\u00e9es personnelles sont n\u00e9cessaires pour traiter et confirmer votre commande. \u00c9tant donn\u00e9 que Cooka.ch n&rsquo;est pas un fournisseur de services de paiement, nous ne collectons pas de donn\u00e9es de paiement. Le paiement pour la publicit\u00e9 se fait exclusivement entre le fournisseur et Cooka.ch, et non entre le client et Cooka.ch.   <\/p><p>Les donn\u00e9es trait\u00e9es comprennent :<\/p><ul><li>Name<\/li><li>Donn\u00e9es d&rsquo;adresse<\/li><li>Coordonn\u00e9es<\/li><li>Donn\u00e9es de commande et de transaction<\/li><li>Donn\u00e9es de v\u00e9rification d&rsquo;identit\u00e9 et\/ou d&rsquo;\u00e2ge (si n\u00e9cessaire)<\/li><\/ul>\t\t\t\t\t\t\t\t<\/div>\n\t\t\t\t<div class=\"elementor-element elementor-element-fa89f3e elementor-widget elementor-widget-heading\" data-id=\"fa89f3e\" data-element_type=\"widget\" data-e-type=\"widget\" data-widget_type=\"heading.default\">\n\t\t\t\t\t<h2 class=\"elementor-heading-title elementor-size-default\">2. \u00c9valuations des clients apr\u00e8s la completion de la commande <\/h2>\t\t\t\t<\/div>\n\t\t\t\t<div class=\"elementor-element elementor-element-a6b0fd5 elementor-widget elementor-widget-text-editor\" data-id=\"a6b0fd5\" data-element_type=\"widget\" data-e-type=\"widget\" data-widget_type=\"text-editor.default\">\n\t\t\t\t\t\t\t\t\t<p>Apr\u00e8s votre commande, vous serez invit\u00e9 \u00e0 laisser une \u00e9valuation pour le fournisseur. Ces \u00e9valuations peuvent \u00eatre rendues publiques. Les donn\u00e9es trait\u00e9es peuvent inclure :  <\/p><ul><li>Name<\/li><li>Coordonn\u00e9es<\/li><li>\u00c9valuation<\/li><\/ul>\t\t\t\t\t\t\t\t<\/div>\n\t\t\t\t<div class=\"elementor-element elementor-element-29c2198 elementor-widget elementor-widget-heading\" data-id=\"29c2198\" data-element_type=\"widget\" data-e-type=\"widget\" data-widget_type=\"heading.default\">\n\t\t\t\t\t<h2 class=\"elementor-heading-title elementor-size-default\">3. Service client et support <\/h2>\t\t\t\t<\/div>\n\t\t\t\t<div class=\"elementor-element elementor-element-edc714e elementor-widget elementor-widget-text-editor\" data-id=\"edc714e\" data-element_type=\"widget\" data-e-type=\"widget\" data-widget_type=\"text-editor.default\">\n\t\t\t\t\t\t\t\t\t<p>Si vous contactez notre service client, nous utilisons les donn\u00e9es que vous fournissez pour r\u00e9pondre \u00e0 votre question ou traiter votre plainte. Les donn\u00e9es trait\u00e9es incluent : <\/p><ul><li>Name<\/li><li>Coordonn\u00e9es<\/li><li>Donn\u00e9es de commande et de transaction<\/li><li>Contenu de la correspondance<\/li><\/ul>\t\t\t\t\t\t\t\t<\/div>\n\t\t\t\t<div class=\"elementor-element elementor-element-14fc742 elementor-widget elementor-widget-heading\" data-id=\"14fc742\" data-element_type=\"widget\" data-e-type=\"widget\" data-widget_type=\"heading.default\">\n\t\t\t\t\t<h2 class=\"elementor-heading-title elementor-size-default\">4. Comptes clients<\/h2>\t\t\t\t<\/div>\n\t\t\t\t<div class=\"elementor-element elementor-element-be88f9b elementor-widget elementor-widget-text-editor\" data-id=\"be88f9b\" data-element_type=\"widget\" data-e-type=\"widget\" data-widget_type=\"text-editor.default\">\n\t\t\t\t\t\t\t\t\t<p>Cooka.ch n&rsquo;offre pas d&rsquo;option d&rsquo;inscription pour les clients (acheteurs). Il n&rsquo;y a pas de gestion des commandes sur la plateforme, et aucune inscription n&rsquo;est requise pour les acheteurs. Les clients peuvent contacter directement les fournisseurs via les informations de contact fournies sur la page de l&rsquo;offre.  <\/p>\t\t\t\t\t\t\t\t<\/div>\n\t\t\t\t<div class=\"elementor-element elementor-element-e3222bc elementor-widget elementor-widget-heading\" data-id=\"e3222bc\" data-element_type=\"widget\" data-e-type=\"widget\" data-widget_type=\"heading.default\">\n\t\t\t\t\t<h2 class=\"elementor-heading-title elementor-size-default\">5. Satisfaction client et recherche<\/h2>\t\t\t\t<\/div>\n\t\t\t\t<div class=\"elementor-element elementor-element-f12e937 elementor-widget elementor-widget-text-editor\" data-id=\"f12e937\" data-element_type=\"widget\" data-e-type=\"widget\" data-widget_type=\"text-editor.default\">\n\t\t\t\t\t\t\t\t\t<p>Pour am\u00e9liorer nos services et r\u00e9aliser des enqu\u00eates de satisfaction, nous traitons les donn\u00e9es personnelles suivantes :<\/p><ul><li>Name<\/li><li>Coordonn\u00e9es<\/li><li>Donn\u00e9es de commande et de transaction<\/li><\/ul>\t\t\t\t\t\t\t\t<\/div>\n\t\t\t\t<div class=\"elementor-element elementor-element-bb048ec elementor-widget elementor-widget-heading\" data-id=\"bb048ec\" data-element_type=\"widget\" data-e-type=\"widget\" data-widget_type=\"heading.default\">\n\t\t\t\t\t<h2 class=\"elementor-heading-title elementor-size-default\">6. Marketing <\/h2>\t\t\t\t<\/div>\n\t\t\t\t<div class=\"elementor-element elementor-element-fc465a7 elementor-widget elementor-widget-text-editor\" data-id=\"fc465a7\" data-element_type=\"widget\" data-e-type=\"widget\" data-widget_type=\"text-editor.default\">\n\t\t\t\t\t\t\t\t\t<p>Nous utilisons \u00e9galement vos donn\u00e9es \u00e0 des fins de marketing pour vous offrir des offres personnalis\u00e9es. Les donn\u00e9es trait\u00e9es incluent : <\/p><ul><li>Name<\/li><li>Coordonn\u00e9es<\/li><li>Donn\u00e9es de commande et de transaction<\/li><li>Pr\u00e9f\u00e9rences publicitaires<\/li><\/ul>\t\t\t\t\t\t\t\t<\/div>\n\t\t\t\t<div class=\"elementor-element elementor-element-c6a492c elementor-widget elementor-widget-heading\" data-id=\"c6a492c\" data-element_type=\"widget\" data-e-type=\"widget\" data-widget_type=\"heading.default\">\n\t\t\t\t\t<h2 class=\"elementor-heading-title elementor-size-default\">S\u00e9curit\u00e9 et conservation des donn\u00e9es <\/h2>\t\t\t\t<\/div>\n\t\t\t\t<div class=\"elementor-element elementor-element-99a2d1c elementor-widget elementor-widget-text-editor\" data-id=\"99a2d1c\" data-element_type=\"widget\" data-e-type=\"widget\" data-widget_type=\"text-editor.default\">\n\t\t\t\t\t\t\t\t\t<p>Nous prenons des mesures appropri\u00e9es pour prot\u00e9ger vos donn\u00e9es personnelles contre tout acc\u00e8s non autoris\u00e9, toute perte et tout abus. Vos donn\u00e9es personnelles ne seront conserv\u00e9es que le temps n\u00e9cessaire pour atteindre l&rsquo;objectif pour lequel elles ont \u00e9t\u00e9 collect\u00e9es, ou comme l&rsquo;exige la loi. <\/p>\t\t\t\t\t\t\t\t<\/div>\n\t\t\t\t<div class=\"elementor-element elementor-element-ad49a4a elementor-widget elementor-widget-heading\" data-id=\"ad49a4a\" data-element_type=\"widget\" data-e-type=\"widget\" data-widget_type=\"heading.default\">\n\t\t\t\t\t<h2 class=\"elementor-heading-title elementor-size-default\">Traitement par des tiers et des partenaires<\/h2>\t\t\t\t<\/div>\n\t\t\t\t<div class=\"elementor-element elementor-element-4adaea6 elementor-widget elementor-widget-text-editor\" data-id=\"4adaea6\" data-element_type=\"widget\" data-e-type=\"widget\" data-widget_type=\"text-editor.default\">\n\t\t\t\t\t\t\t\t\t<p>Dans le cadre de nos services, nous pouvons partager des donn\u00e9es personnelles avec des partenaires qui livrent les produits command\u00e9s ou effectuent d&rsquo;autres services li\u00e9s \u00e0 votre commande. Cela comprend : <\/p><ul><li>Les fournisseurs qui livrent les produits command\u00e9s<\/li><li>Entreprises de marketing et de recherche de march\u00e9<\/li><\/ul><p>Les partenaires avec lesquels nous travaillons sont \u00e9galement tenus de prot\u00e9ger vos donn\u00e9es conform\u00e9ment aux lois sur la protection des donn\u00e9es applicables.<\/p>\t\t\t\t\t\t\t\t<\/div>\n\t\t\t\t<div class=\"elementor-element elementor-element-a2ec562 elementor-widget elementor-widget-heading\" data-id=\"a2ec562\" data-element_type=\"widget\" data-e-type=\"widget\" data-widget_type=\"heading.default\">\n\t\t\t\t\t<h2 class=\"elementor-heading-title elementor-size-default\">Conformit\u00e9 aux exigences l\u00e9gales <\/h2>\t\t\t\t<\/div>\n\t\t\t\t<div class=\"elementor-element elementor-element-40111f3 elementor-widget elementor-widget-text-editor\" data-id=\"40111f3\" data-element_type=\"widget\" data-e-type=\"widget\" data-widget_type=\"text-editor.default\">\n\t\t\t\t\t\t\t\t\t<ul><li><strong>Normes d&rsquo;hygi\u00e8ne :<\/strong> Chaque fournisseur est tenu de se conformer aux r\u00e9glementations d&rsquo;hygi\u00e8ne applicables et de garantir que les repas propos\u00e9s sont pr\u00e9par\u00e9s et servis de mani\u00e8re s\u00fbre et hygi\u00e9nique. Les fournisseurs doivent veiller \u00e0 \u00eatre r\u00e9guli\u00e8rement form\u00e9s \u00e0 l&rsquo;hygi\u00e8ne alimentaire. <\/li><li><strong>T\u00e9l\u00e9chargement de documents :<\/strong> Les fournisseurs sont tenus de fournir des documents pertinents tels que des certificats d&rsquo;hygi\u00e8ne ou des confirmations de conformit\u00e9 aux r\u00e9glementations alimentaires, \u00e0 tout moment en cas d&rsquo;inspection par l&rsquo;autorit\u00e9 de sant\u00e9 ou un organisme similaire.<\/li><li><strong>Mesures de s\u00e9curit\u00e9 : <\/strong>Les fournisseurs doivent s&rsquo;assurer que leur environnement de production respecte les normes de s\u00e9curit\u00e9 locales et ne pr\u00e9sente aucun risque pour la sant\u00e9 des consommateurs.<\/li><li><strong>Articles soumis \u00e0 une restriction d&rsquo;\u00e2ge : <\/strong>Tout fournisseur proposant des produits avec un \u00e2ge minimum l\u00e9gal requis (par exemple, des produits alcoolis\u00e9s) est seul responsable de veiller \u00e0 ce que ces produits ne soient vendus qu&rsquo;\u00e0 des clients \u00e9ligibles. Cooka.ch d\u00e9cline toute responsabilit\u00e9 en mati\u00e8re de v\u00e9rification de l&rsquo;\u00e2ge. Les fournisseurs doivent s&rsquo;assurer qu&rsquo;ils appliquent des proc\u00e9dures de v\u00e9rification de l&rsquo;\u00e2ge appropri\u00e9es pour de tels produits.  <\/li><li><strong>Responsabilit\u00e9 l\u00e9gale : <\/strong>Les fournisseurs sont responsables de s&rsquo;assurer qu&rsquo;aucune fausse information n&rsquo;est faite sur les produits offerts, notamment en ce qui concerne les ingr\u00e9dients et les allerg\u00e8nes. Les fournisseurs doivent indemniser Cooka.ch de toute r\u00e9clamation l\u00e9gale d\u00e9coulant de d\u00e9clarations fausses ou trompeuses. <\/li><li><strong>Avertissements et litiges juridiques :<\/strong> Les fournisseurs ont l&rsquo;obligation de garantir la l\u00e9galit\u00e9 de leur contenu et de leurs offres. Les fournisseurs doivent indemniser Cooka.ch de toute r\u00e9clamation d\u00e9coulant d&rsquo;une mauvaise conduite de leur part. <\/li><li><strong>Protection des consommateurs :<\/strong> Les fournisseurs doivent confirmer qu&rsquo;ils respectent toutes les r\u00e9glementations en mati\u00e8re de s\u00e9curit\u00e9 des produits pour \u00e9viter les risques sanitaires pour les consommateurs.<\/li><\/ul>\t\t\t\t\t\t\t\t<\/div>\n\t\t\t\t<div class=\"elementor-element elementor-element-34015f4 elementor-widget elementor-widget-heading\" data-id=\"34015f4\" data-element_type=\"widget\" data-e-type=\"widget\" data-widget_type=\"heading.default\">\n\t\t\t\t\t<h2 class=\"elementor-heading-title elementor-size-default\">Droit d'acc\u00e8s, de rectification, de suppression et d'opposition<\/h2>\t\t\t\t<\/div>\n\t\t\t\t<div class=\"elementor-element elementor-element-3195e5d elementor-widget elementor-widget-text-editor\" data-id=\"3195e5d\" data-element_type=\"widget\" data-e-type=\"widget\" data-widget_type=\"text-editor.default\">\n\t\t\t\t\t\t\t\t\t<p>Vous avez le droit de demander des informations sur les donn\u00e9es personnelles que nous traitons, ainsi que de demander la rectification, la suppression ou la restriction du traitement de ces donn\u00e9es. Vous pouvez retirer votre consentement \u00e0 tout moment et vous pouvez vous opposer au traitement de vos donn\u00e9es personnelles. <\/p>\t\t\t\t\t\t\t\t<\/div>\n\t\t\t\t<div class=\"elementor-element elementor-element-6f95e5b elementor-widget elementor-widget-heading\" data-id=\"6f95e5b\" data-element_type=\"widget\" data-e-type=\"widget\" data-widget_type=\"heading.default\">\n\t\t\t\t\t<h2 class=\"elementor-heading-title elementor-size-default\">Contact<\/h2>\t\t\t\t<\/div>\n\t\t\t\t<div class=\"elementor-element elementor-element-46252ee elementor-widget elementor-widget-text-editor\" data-id=\"46252ee\" data-element_type=\"widget\" data-e-type=\"widget\" data-widget_type=\"text-editor.default\">\n\t\t\t\t\t\t\t\t\t<p>Si vous avez des questions ou des pr\u00e9occupations concernant vos donn\u00e9es personnelles ou si vous souhaitez exercer vos droits en vertu de cette Politique de Confidentialit\u00e9, vous pouvez nous contacter via notre formulaire de contact ou les coordonn\u00e9es fournies ci-dessous.<\/p>\t\t\t\t\t\t\t\t<\/div>\n\t\t\t\t<div class=\"elementor-element elementor-element-e744527 elementor-widget elementor-widget-heading\" data-id=\"e744527\" data-element_type=\"widget\" data-e-type=\"widget\" data-widget_type=\"heading.default\">\n\t\t\t\t\t<h2 class=\"elementor-heading-title elementor-size-default\">Modifications et Ajouts<\/h2>\t\t\t\t<\/div>\n\t\t\t\t<div class=\"elementor-element elementor-element-40e17de elementor-widget elementor-widget-text-editor\" data-id=\"40e17de\" data-element_type=\"widget\" data-e-type=\"widget\" data-widget_type=\"text-editor.default\">\n\t\t\t\t\t\t\t\t\t<p>Cette version de la Politique de confidentialit\u00e9 a \u00e9t\u00e9 mise \u00e0 jour avec les ajustements suivants :<\/p><ul><li>Pas de compte client : il n&rsquo;y a pas d&rsquo;option pour les clients de s&rsquo;inscrire ou de g\u00e9rer des commandes sur la plateforme.<\/li><li>Contact direct avec les fournisseurs : Les clients peuvent contacter directement les fournisseurs via leurs coordonn\u00e9es fournies.<\/li><li>Aucun login Google ou Facebook : seules les inscriptions directes pour les fournisseurs sont accept\u00e9es.<\/li><li>Responsabilit\u00e9 du fournisseur pour la v\u00e9rification de l&rsquo;\u00e2ge : Les fournisseurs doivent s&rsquo;assurer que les articles soumis \u00e0 des restrictions d&rsquo;\u00e2ge ne sont vendus qu&rsquo;aux clients \u00e9ligibles.<\/li><\/ul>\t\t\t\t\t\t\t\t<\/div>\n\t\t\t\t\t<\/div>\n\t\t\t\t<\/div>\n\t\t\t\t<\/div>\n\t\t","protected":false},"excerpt":{"rendered":"<p>Cette Politique de Confidentialit\u00e9 (\u00ab Politique \u00bb) explique comment Cooka.ch collecte, utilise, divulgue et traite autrement les donn\u00e9es personnelles. Cette Politique s&rsquo;applique au traitement des donn\u00e9es personnelles des clients qui utilisent notre plateforme \u2013 y compris le site web, l&rsquo;application et les services fournis \u2013 pour passer des commandes aupr\u00e8s de fournisseurs priv\u00e9s proposant des [&hellip;]<\/p>\n","protected":false},"author":1,"featured_media":0,"parent":0,"menu_order":0,"comment_status":"closed","ping_status":"closed","template":"tpl-full-width.php","meta":{"_acf_changed":false,"footnotes":""},"class_list":["post-1226","page","type-page","status-publish","hentry"],"acf":[],"yoast_head":"<!-- This site is optimized with the Yoast SEO plugin v27.4 - https:\/\/yoast.com\/product\/yoast-seo-wordpress\/ -->\n<title>Politique - Cooka.ch \u2013 Zeit zum Kochen<\/title>\n<meta name=\"robots\" content=\"noindex, follow, max-snippet:-1, max-image-preview:large, max-video-preview:-1\" \/>\n<meta property=\"og:locale\" content=\"fr_FR\" \/>\n<meta property=\"og:type\" content=\"article\" \/>\n<meta property=\"og:title\" content=\"Politique - Cooka.ch \u2013 Zeit zum Kochen\" \/>\n<meta property=\"og:description\" content=\"Cette Politique de Confidentialit\u00e9 (\u00ab Politique \u00bb) explique comment Cooka.ch collecte, utilise, divulgue et traite autrement les donn\u00e9es personnelles. Cette Politique s&rsquo;applique au traitement des donn\u00e9es personnelles des clients qui utilisent notre plateforme \u2013 y compris le site web, l&rsquo;application et les services fournis \u2013 pour passer des commandes aupr\u00e8s de fournisseurs priv\u00e9s proposant des [&hellip;]\" \/>\n<meta property=\"og:url\" content=\"https:\/\/stagingsite.cooka.ch\/fr\/politique-de-confidentialite-pour-les-clients\/\" \/>\n<meta property=\"og:site_name\" content=\"Cooka.ch \u2013 Zeit zum Kochen\" \/>\n<meta property=\"article:modified_time\" content=\"2025-07-22T10:57:47+00:00\" \/>\n<meta name=\"twitter:card\" content=\"summary_large_image\" \/>\n<meta name=\"twitter:label1\" content=\"Dur\u00e9e de lecture estim\u00e9e\" \/>\n\t<meta name=\"twitter:data1\" content=\"6 minutes\" \/>\n<!-- \/ Yoast SEO plugin. -->","yoast_head_json":{"title":"Politique - Cooka.ch \u2013 Zeit zum Kochen","robots":{"index":"noindex","follow":"follow","max-snippet":"max-snippet:-1","max-image-preview":"max-image-preview:large","max-video-preview":"max-video-preview:-1"},"og_locale":"fr_FR","og_type":"article","og_title":"Politique - Cooka.ch \u2013 Zeit zum Kochen","og_description":"Cette Politique de Confidentialit\u00e9 (\u00ab Politique \u00bb) explique comment Cooka.ch collecte, utilise, divulgue et traite autrement les donn\u00e9es personnelles. Cette Politique s&rsquo;applique au traitement des donn\u00e9es personnelles des clients qui utilisent notre plateforme \u2013 y compris le site web, l&rsquo;application et les services fournis \u2013 pour passer des commandes aupr\u00e8s de fournisseurs priv\u00e9s proposant des [&hellip;]","og_url":"https:\/\/stagingsite.cooka.ch\/fr\/politique-de-confidentialite-pour-les-clients\/","og_site_name":"Cooka.ch \u2013 Zeit zum Kochen","article_modified_time":"2025-07-22T10:57:47+00:00","twitter_card":"summary_large_image","twitter_misc":{"Dur\u00e9e de lecture estim\u00e9e":"6 minutes"},"schema":{"@context":"https:\/\/schema.org","@graph":[{"@type":"WebPage","@id":"https:\/\/stagingsite.cooka.ch\/fr\/politique-de-confidentialite-pour-les-clients\/","url":"https:\/\/stagingsite.cooka.ch\/fr\/politique-de-confidentialite-pour-les-clients\/","name":"Politique - Cooka.ch \u2013 Zeit zum Kochen","isPartOf":{"@id":"https:\/\/stagingsite.cooka.ch\/fr\/#website"},"datePublished":"2025-02-25T15:31:40+00:00","dateModified":"2025-07-22T10:57:47+00:00","breadcrumb":{"@id":"https:\/\/stagingsite.cooka.ch\/fr\/politique-de-confidentialite-pour-les-clients\/#breadcrumb"},"inLanguage":"fr-FR","potentialAction":[{"@type":"ReadAction","target":["https:\/\/stagingsite.cooka.ch\/fr\/politique-de-confidentialite-pour-les-clients\/"]}]},{"@type":"BreadcrumbList","@id":"https:\/\/stagingsite.cooka.ch\/fr\/politique-de-confidentialite-pour-les-clients\/#breadcrumb","itemListElement":[{"@type":"ListItem","position":1,"name":"Startseite","item":"https:\/\/stagingsite.cooka.ch\/fr\/"},{"@type":"ListItem","position":2,"name":"Politique"}]},{"@type":"WebSite","@id":"https:\/\/stagingsite.cooka.ch\/fr\/#website","url":"https:\/\/stagingsite.cooka.ch\/fr\/","name":"Cooka.ch \u2013 Zeit zum Kochen","description":"","publisher":{"@id":"https:\/\/stagingsite.cooka.ch\/fr\/#organization"},"potentialAction":[{"@type":"SearchAction","target":{"@type":"EntryPoint","urlTemplate":"https:\/\/stagingsite.cooka.ch\/fr\/?s={search_term_string}"},"query-input":{"@type":"PropertyValueSpecification","valueRequired":true,"valueName":"search_term_string"}}],"inLanguage":"fr-FR"},{"@type":"Organization","@id":"https:\/\/stagingsite.cooka.ch\/fr\/#organization","name":"Cooka.ch \u2013 Zeit zum Kochen","url":"https:\/\/stagingsite.cooka.ch\/fr\/","logo":{"@type":"ImageObject","inLanguage":"fr-FR","@id":"https:\/\/stagingsite.cooka.ch\/fr\/#\/schema\/logo\/image\/","url":"https:\/\/stagingsite.cooka.ch\/wp-content\/uploads\/2025\/06\/cropped-new-logo.png","contentUrl":"https:\/\/stagingsite.cooka.ch\/wp-content\/uploads\/2025\/06\/cropped-new-logo.png","width":2022,"height":673,"caption":"Cooka.ch \u2013 Zeit zum Kochen"},"image":{"@id":"https:\/\/stagingsite.cooka.ch\/fr\/#\/schema\/logo\/image\/"}}]}},"_links":{"self":[{"href":"https:\/\/stagingsite.cooka.ch\/fr\/wp-json\/wp\/v2\/pages\/1226","targetHints":{"allow":["GET"]}}],"collection":[{"href":"https:\/\/stagingsite.cooka.ch\/fr\/wp-json\/wp\/v2\/pages"}],"about":[{"href":"https:\/\/stagingsite.cooka.ch\/fr\/wp-json\/wp\/v2\/types\/page"}],"author":[{"embeddable":true,"href":"https:\/\/stagingsite.cooka.ch\/fr\/wp-json\/wp\/v2\/users\/1"}],"replies":[{"embeddable":true,"href":"https:\/\/stagingsite.cooka.ch\/fr\/wp-json\/wp\/v2\/comments?post=1226"}],"version-history":[{"count":5,"href":"https:\/\/stagingsite.cooka.ch\/fr\/wp-json\/wp\/v2\/pages\/1226\/revisions"}],"predecessor-version":[{"id":2667,"href":"https:\/\/stagingsite.cooka.ch\/fr\/wp-json\/wp\/v2\/pages\/1226\/revisions\/2667"}],"wp:attachment":[{"href":"https:\/\/stagingsite.cooka.ch\/fr\/wp-json\/wp\/v2\/media?parent=1226"}],"curies":[{"name":"wp","href":"https:\/\/api.w.org\/{rel}","templated":true}]}}